{"id":4691,"date":"2023-10-19T12:47:08","date_gmt":"2023-10-19T10:47:08","guid":{"rendered":"https:\/\/www.esquilarrabelagua.com\/contacto\/"},"modified":"2025-01-22T20:02:55","modified_gmt":"2025-01-22T18:02:55","slug":"harremanetarako","status":"publish","type":"page","link":"https:\/\/www.esquilarrabelagua.com\/eu\/harremanetarako\/","title":{"rendered":"HARREMANETARAKO"},"content":{"rendered":"\t\t<div data-elementor-type=\"wp-page\" data-elementor-id=\"4691\" class=\"elementor elementor-4691 elementor-3443\">\n\t\t\t\t\t\t<section class=\"elementor-section elementor-top-section elementor-element elementor-element-e6d7020 elementor-section-content-middle elementor-section-stretched elementor-section-boxed elementor-section-height-default elementor-section-height-default parallax_section_no qode_elementor_container_no\" data-id=\"e6d7020\" data-element_type=\"section\" data-settings=\"{&quot;stretch_section&quot;:&quot;section-stretched&quot;,&quot;background_background&quot;:&quot;classic&quot;}\">\n\t\t\t\t\t\t\t<div class=\"elementor-background-overlay\"><\/div>\n\t\t\t\t\t\t\t<div class=\"elementor-container elementor-column-gap-default\">\n\t\t\t\t\t<div class=\"elementor-column elementor-col-66 elementor-top-column elementor-element elementor-element-e6a5a24\" data-id=\"e6a5a24\" data-element_type=\"column\">\n\t\t\t<div class=\"elementor-widget-wrap elementor-element-populated\">\n\t\t\t\t\t\t<div class=\"elementor-element elementor-element-fc09209 elementor-widget elementor-widget-heading\" data-id=\"fc09209\" data-element_type=\"widget\" data-widget_type=\"heading.default\">\n\t\t\t\t<div class=\"elementor-widget-container\">\n\t\t\t<h2 class=\"elementor-heading-title elementor-size-default\">CONTACTO<\/h2>\t\t<\/div>\n\t\t\t\t<\/div>\n\t\t\t\t\t<\/div>\n\t\t<\/div>\n\t\t\t\t<div class=\"elementor-column elementor-col-33 elementor-top-column elementor-element elementor-element-9bad7e6\" data-id=\"9bad7e6\" data-element_type=\"column\">\n\t\t\t<div class=\"elementor-widget-wrap\">\n\t\t\t\t\t\t\t<\/div>\n\t\t<\/div>\n\t\t\t\t\t<\/div>\n\t\t<\/section>\n\t\t\t\t<section class=\"elementor-section elementor-top-section elementor-element elementor-element-4c5ed9c elementor-section-content-top elementor-section-boxed elementor-section-height-default elementor-section-height-default parallax_section_no qode_elementor_container_no\" data-id=\"4c5ed9c\" data-element_type=\"section\">\n\t\t\t\t\t\t<div class=\"elementor-container elementor-column-gap-default\">\n\t\t\t\t\t<div class=\"elementor-column elementor-col-33 elementor-top-column elementor-element elementor-element-ca5113c contacto\" data-id=\"ca5113c\" data-element_type=\"column\">\n\t\t\t<div class=\"elementor-widget-wrap elementor-element-populated\">\n\t\t\t\t\t\t<div class=\"elementor-element elementor-element-527b89f contacto-info elementor-widget elementor-widget-text-editor\" data-id=\"527b89f\" data-element_type=\"widget\" data-widget_type=\"text-editor.default\">\n\t\t\t\t<div class=\"elementor-widget-container\">\n\t\t\t\t\t\t\t<h2><strong>Contacto<\/strong><br \/><strong>LARRA-BELAGUA<\/strong><\/h2><p>Carretera Isaba \/ Francia, Km. 55<br \/>31417 Isaba (Navarra)<\/p><p>T. <a href=\"tel:+34948394062\">948 394 062<\/a><br \/>M. <a href=\"tel:+34609410935\">609 410 935<\/a><br \/>F. 948 394 066<\/p><p><a href=\"mailto:info@esquilarrabelagua.com\">info@esquilarrabelagua.com<\/a><\/p>\t\t\t\t\t\t<\/div>\n\t\t\t\t<\/div>\n\t\t\t\t<div class=\"elementor-element elementor-element-979f77d elementor-widget elementor-widget-text-editor\" data-id=\"979f77d\" data-element_type=\"widget\" data-widget_type=\"text-editor.default\">\n\t\t\t\t<div class=\"elementor-widget-container\">\n\t\t\t\t\t\t\t<h2>Nola iritsi<\/h2>\n<p>Esteka hauen bidez, inguruko hiriburuetatik eski-zentrora iristeko Google Maps zerbitzuak kalkulatutako ibilbideak ikus daitezke.<\/p>\t\t\t\t\t\t<\/div>\n\t\t\t\t<\/div>\n\t\t\t\t<section class=\"elementor-section elementor-inner-section elementor-element elementor-element-aba6a7b elementor-section-boxed elementor-section-height-default elementor-section-height-default parallax_section_no qode_elementor_container_no\" data-id=\"aba6a7b\" data-element_type=\"section\">\n\t\t\t\t\t\t<div class=\"elementor-container elementor-column-gap-no\">\n\t\t\t\t\t<div class=\"elementor-column elementor-col-50 elementor-inner-column elementor-element elementor-element-c5136b8\" data-id=\"c5136b8\" data-element_type=\"column\">\n\t\t\t<div class=\"elementor-widget-wrap elementor-element-populated\">\n\t\t\t\t\t\t<div class=\"elementor-element elementor-element-c4b778c elementor-widget elementor-widget-text-editor\" data-id=\"c4b778c\" data-element_type=\"widget\" data-widget_type=\"text-editor.default\">\n\t\t\t\t<div class=\"elementor-widget-container\">\n\t\t\t\t\t\t\t<p><a href=\"https:\/\/maps.app.goo.gl\/N8aTMtB8ZDnvCd1K8\" target=\"_blank\" rel=\"noopener\">Desde Pamplona<\/a><\/p>\t\t\t\t\t\t<\/div>\n\t\t\t\t<\/div>\n\t\t\t\t\t<\/div>\n\t\t<\/div>\n\t\t\t\t<div class=\"elementor-column elementor-col-50 elementor-inner-column elementor-element elementor-element-ab27ec3\" data-id=\"ab27ec3\" data-element_type=\"column\">\n\t\t\t<div class=\"elementor-widget-wrap elementor-element-populated\">\n\t\t\t\t\t\t<div class=\"elementor-element elementor-element-9617e40 elementor-widget elementor-widget-text-editor\" data-id=\"9617e40\" data-element_type=\"widget\" data-widget_type=\"text-editor.default\">\n\t\t\t\t<div class=\"elementor-widget-container\">\n\t\t\t\t\t\t\t<p><a href=\"https:\/\/maps.app.goo.gl\/oP2A2YPu7e89vrcp8\" target=\"_blank\" rel=\"noopener\">Desde San Sebasti\u00e1n<\/a><\/p>\t\t\t\t\t\t<\/div>\n\t\t\t\t<\/div>\n\t\t\t\t\t<\/div>\n\t\t<\/div>\n\t\t\t\t\t<\/div>\n\t\t<\/section>\n\t\t\t\t<section class=\"elementor-section elementor-inner-section elementor-element elementor-element-f66e8bf elementor-section-boxed elementor-section-height-default elementor-section-height-default parallax_section_no qode_elementor_container_no\" data-id=\"f66e8bf\" data-element_type=\"section\">\n\t\t\t\t\t\t<div class=\"elementor-container elementor-column-gap-no\">\n\t\t\t\t\t<div class=\"elementor-column elementor-col-50 elementor-inner-column elementor-element elementor-element-93700d0\" data-id=\"93700d0\" data-element_type=\"column\">\n\t\t\t<div class=\"elementor-widget-wrap elementor-element-populated\">\n\t\t\t\t\t\t<div class=\"elementor-element elementor-element-96d3751 elementor-widget elementor-widget-text-editor\" data-id=\"96d3751\" data-element_type=\"widget\" data-widget_type=\"text-editor.default\">\n\t\t\t\t<div class=\"elementor-widget-container\">\n\t\t\t\t\t\t\t<a href=\"https:\/\/maps.app.goo.gl\/ZnU5o1854RZEYgML9\" target=\"_blank\" rel=\"noopener\">Desde Huesca<\/a>\t\t\t\t\t\t<\/div>\n\t\t\t\t<\/div>\n\t\t\t\t\t<\/div>\n\t\t<\/div>\n\t\t\t\t<div class=\"elementor-column elementor-col-50 elementor-inner-column elementor-element elementor-element-8d0e48d\" data-id=\"8d0e48d\" data-element_type=\"column\">\n\t\t\t<div class=\"elementor-widget-wrap\">\n\t\t\t\t\t\t\t<\/div>\n\t\t<\/div>\n\t\t\t\t\t<\/div>\n\t\t<\/section>\n\t\t\t\t\t<\/div>\n\t\t<\/div>\n\t\t\t\t<div class=\"elementor-column elementor-col-66 elementor-top-column elementor-element elementor-element-83c437d\" data-id=\"83c437d\" data-element_type=\"column\">\n\t\t\t<div class=\"elementor-widget-wrap elementor-element-populated\">\n\t\t\t\t\t\t<div class=\"elementor-element elementor-element-d86e4b7 elementor-widget elementor-widget-bridge_cf_7\" data-id=\"d86e4b7\" data-element_type=\"widget\" data-widget_type=\"bridge_cf_7.default\">\n\t\t\t\t<div class=\"elementor-widget-container\">\n\t\t\t    <div class=\"qode-contact-form-7 qode-contact-form-7-0\">\n    \n<div class=\"wpcf7 no-js\" id=\"wpcf7-f3448-o1\" lang=\"es-ES\" dir=\"ltr\">\n<div class=\"screen-reader-response\"><p role=\"status\" aria-live=\"polite\" aria-atomic=\"true\"><\/p> <ul><\/ul><\/div>\n<form action=\"\/eu\/wp-json\/wp\/v2\/pages\/4691#wpcf7-f3448-o1\" method=\"post\" class=\"wpcf7-form init default\" aria-label=\"Contact form\" novalidate=\"novalidate\" data-status=\"init\">\n<div style=\"display: none;\">\n<input type=\"hidden\" name=\"_wpcf7\" value=\"3448\" \/>\n<input type=\"hidden\" name=\"_wpcf7_version\" value=\"5.9.8\" \/>\n<input type=\"hidden\" name=\"_wpcf7_locale\" value=\"es_ES\" \/>\n<input type=\"hidden\" name=\"_wpcf7_unit_tag\" value=\"wpcf7-f3448-o1\" \/>\n<input type=\"hidden\" name=\"_wpcf7_container_post\" value=\"0\" \/>\n<input type=\"hidden\" name=\"_wpcf7_posted_data_hash\" value=\"\" \/>\n<\/div>\n<div class=\"row\">\n\t<div class=\"col-i\">\n\t\t<p><label><span class=\"wpcf7-form-control-wrap\" data-name=\"nombre\"><input size=\"40\" maxlength=\"400\" class=\"wpcf7-form-control wpcf7-text wpcf7-validates-as-required\" aria-required=\"true\" aria-invalid=\"false\" placeholder=\"Nombre y apellidos\" value=\"\" type=\"text\" name=\"nombre\" \/><\/span><\/label>\n\t\t<\/p>\n\t<\/div>\n\t<div class=\"col-d\">\n\t\t<p><label><span class=\"wpcf7-form-control-wrap\" data-name=\"telf\"><input size=\"40\" maxlength=\"400\" class=\"wpcf7-form-control wpcf7-text wpcf7-validates-as-required\" aria-required=\"true\" aria-invalid=\"false\" placeholder=\"Tel\u00e9fono\" value=\"\" type=\"text\" name=\"telf\" \/><\/span><\/label>\n\t\t<\/p>\n\t<\/div>\n<\/div>\n<div class=\"row\">\n\t<div class=\"col-i\">\n\t\t<p><label><span class=\"wpcf7-form-control-wrap\" data-name=\"correo\"><input size=\"40\" maxlength=\"400\" class=\"wpcf7-form-control wpcf7-email wpcf7-validates-as-required wpcf7-text wpcf7-validates-as-email\" aria-required=\"true\" aria-invalid=\"false\" placeholder=\"Email\" value=\"\" type=\"email\" name=\"correo\" \/><\/span> <\/label>\n\t\t<\/p>\n\t<\/div>\n\t<div class=\"col-d\">\n\t\t<p><label><span class=\"wpcf7-form-control-wrap\" data-name=\"asunto\"><input size=\"40\" maxlength=\"400\" class=\"wpcf7-form-control wpcf7-text wpcf7-validates-as-required\" aria-required=\"true\" aria-invalid=\"false\" placeholder=\"Asunto\" value=\"\" type=\"text\" name=\"asunto\" \/><\/span><\/label>\n\t\t<\/p>\n\t<\/div>\n<\/div>\n<div class=\"row\">\n\t<div class=\"col\">\n\t\t<p><label><span class=\"wpcf7-form-control-wrap\" data-name=\"mensaje\"><textarea cols=\"40\" rows=\"10\" maxlength=\"2000\" class=\"wpcf7-form-control wpcf7-textarea wpcf7-validates-as-required\" aria-required=\"true\" aria-invalid=\"false\" placeholder=\"Mensaje\" name=\"mensaje\"><\/textarea><\/span><\/label>\n\t\t<\/p>\n\t<\/div>\n<\/div>\n<div class=\"row\">\n\t<div class=\"col\">\n\t\t<p><span class=\"wpcf7-form-control-wrap\" data-name=\"acceptance\"><span class=\"wpcf7-form-control wpcf7-acceptance optional\"><span class=\"wpcf7-list-item\"><label><input type=\"checkbox\" name=\"acceptance\" value=\"1\" aria-invalid=\"false\" \/><span class=\"wpcf7-list-item-label\">He le\u00eddo y acepto la <a href=\"\/politica-de-privacidad\/\" target=\"_blank\"><u>pol\u00edtica de privacidad<\/u><\/a><\/span><\/label><\/span><\/span><\/span>\n\t\t<\/p>\n\t\t<div class=\"info-basica\">\n\t\t\t<p><strong>INFORMACI\u00d3N B\u00c1SICA SOBRE PROTECCI\u00d3N DE DATOS<\/strong>\n\t\t\t<\/p>\n\t\t\t<ul>\n\t\t\t\t<li>\n\t\t\t\t\t<p>Responsable: Navarra Impulsa Cultura, Deporte y Ocio, S.L. (NICDO)\n\t\t\t\t\t<\/p>\n\t\t\t\t<\/li>\n\t\t\t\t<li>\n\t\t\t\t\t<p>Finalidad: Recibir peri\u00f3dicamente informaci\u00f3n acerca de las actividades y eventos que se programan.\n\t\t\t\t\t<\/p>\n\t\t\t\t<\/li>\n\t\t\t\t<li>\n\t\t\t\t\t<p>Legitimaci\u00f3n: Consentimiento del interesado.\n\t\t\t\t\t<\/p>\n\t\t\t\t<\/li>\n\t\t\t\t<li>\n\t\t\t\t\t<p>Destinatarios: Los datos no se ceder\u00e1n a terceros salvo obligaci\u00f3n legal o que la cesi\u00f3n sea necesaria para el cumplimiento de la finalidad.\n\t\t\t\t\t<\/p>\n\t\t\t\t<\/li>\n\t\t\t\t<li>\n\t\t\t\t\t<p>Derechos: A acceder, rectificar y suprimir los datos, as\u00ed como otros derechos detallados en la informaci\u00f3n adicional.\n\t\t\t\t\t<\/p>\n\t\t\t\t<\/li>\n\t\t\t\t<li>\n\t\t\t\t\t<p>Informaci\u00f3n adicional: Puede consultar la informaci\u00f3n adicional y detallada sobre Protecci\u00f3n de Datos <a href=\"\/politica-de-privacidad\/\" target=\"_blank\"><u>aqu\u00ed<\/u><\/a>.\n\t\t\t\t\t<\/p>\n\t\t\t\t<\/li>\n\t\t\t<\/ul>\n\t\t<\/div>\n\t<\/div>\n\t<div class=\"col\">\n\t\t<p><input class=\"wpcf7-form-control wpcf7-submit has-spinner\" type=\"submit\" value=\"Enviar\" \/>\n\t\t<\/p>\n\t<\/div>\n<\/div><input type='hidden' class='wpcf7-pum' value='{\"closepopup\":false,\"closedelay\":0,\"openpopup\":false,\"openpopup_id\":0}' \/><div class=\"wpcf7-response-output\" aria-hidden=\"true\"><\/div>\n<\/form>\n<\/div>\n    <\/div>\n\t\t<\/div>\n\t\t\t\t<\/div>\n\t\t\t\t\t<\/div>\n\t\t<\/div>\n\t\t\t\t\t<\/div>\n\t\t<\/section>\n\t\t\t\t<section class=\"elementor-section elementor-top-section elementor-element elementor-element-16a6fcf elementor-section-full_width elementor-section-stretched elementor-section-height-default elementor-section-height-default parallax_section_no qode_elementor_container_no\" data-id=\"16a6fcf\" data-element_type=\"section\" data-settings=\"{&quot;stretch_section&quot;:&quot;section-stretched&quot;}\">\n\t\t\t\t\t\t<div class=\"elementor-container elementor-column-gap-no\">\n\t\t\t\t\t<div class=\"elementor-column elementor-col-100 elementor-top-column elementor-element elementor-element-a05ae73\" data-id=\"a05ae73\" data-element_type=\"column\">\n\t\t\t<div class=\"elementor-widget-wrap elementor-element-populated\">\n\t\t\t\t\t\t<div class=\"elementor-element elementor-element-c4f07bb elementor-widget elementor-widget-google_maps\" data-id=\"c4f07bb\" data-element_type=\"widget\" data-widget_type=\"google_maps.default\">\n\t\t\t\t<div class=\"elementor-widget-container\">\n\t\t\t\t\t<div class=\"elementor-custom-embed\">\n\t\t\t<iframe loading=\"lazy\"\n\t\t\t\t\tsrc=\"https:\/\/maps.google.com\/maps?q=Carretera%20Isaba%20Francia%2C%20Km%2055%2C%2031417%2C%20Isaba%2C%20Navarra%2C%20Spain&#038;t=m&#038;z=12&#038;output=embed&#038;iwloc=near\"\n\t\t\t\t\ttitle=\"Carretera Isaba Francia, Km 55, 31417, Isaba, Navarra, Spain\"\n\t\t\t\t\taria-label=\"Carretera Isaba Francia, Km 55, 31417, Isaba, Navarra, Spain\"\n\t\t\t><\/iframe>\n\t\t<\/div>\n\t\t\t\t<\/div>\n\t\t\t\t<\/div>\n\t\t\t\t\t<\/div>\n\t\t<\/div>\n\t\t\t\t\t<\/div>\n\t\t<\/section>\n\t\t\t\t<\/div>\n\t\t","protected":false},"excerpt":{"rendered":"<p>CONTACTO ContactoLARRA-BELAGUA Carretera Isaba \/ Francia, Km. 5531417 Isaba (Navarra) T. 948 394 062M. 609 410 935F. 948 394 066 info@esquilarrabelagua.com Nola iritsi Esteka hauen bidez, inguruko hiriburuetatik eski-zentrora iristeko Google Maps zerbitzuak kalkulatutako ibilbideak ikus daitezke. Desde Pamplona Desde San Sebasti\u00e1n Desde Huesca He le\u00eddo y acepto la pol\u00edtica de privacidad INFORMACI\u00d3N B\u00c1SICA SOBRE PROTECCI\u00d3N DE DATOS Responsable: Navarra Impulsa Cultura, Deporte y Ocio, S.L. (NICDO) Finalidad: Recibir peri\u00f3dicamente informaci\u00f3n acerca de las actividades y eventos que se programan. Legitimaci\u00f3n: Consentimiento del interesado. Destinatarios: Los datos no se ceder\u00e1n a terceros salvo obligaci\u00f3n legal o que la cesi\u00f3n sea necesaria para el cumplimiento de la finalidad. Derechos: A acceder, rectificar y suprimir los datos, as\u00ed como otros derechos detallados en la informaci\u00f3n adicional. Informaci\u00f3n adicional: Puede consultar la informaci\u00f3n adicional y detallada sobre Protecci\u00f3n de Datos aqu\u00ed.<\/p>\n","protected":false},"author":1,"featured_media":0,"parent":0,"menu_order":0,"comment_status":"closed","ping_status":"closed","template":"page-inv.php","meta":{"footnotes":""},"class_list":["post-4691","page","type-page","status-publish","hentry"],"yoast_head":"<!-- This site is optimized with the Yoast SEO plugin v23.7 - https:\/\/yoast.com\/wordpress\/plugins\/seo\/ -->\n<title>HARREMANETARAKO - Esqui Larrabelagua<\/title>\n<meta name=\"robots\" content=\"index, follow, max-snippet:-1, max-image-preview:large, max-video-preview:-1\" \/>\n<link rel=\"canonical\" href=\"https:\/\/www.esquilarrabelagua.com\/eu\/harremanetarako\/\" \/>\n<meta property=\"og:locale\" content=\"eu_ES\" \/>\n<meta property=\"og:type\" content=\"article\" \/>\n<meta property=\"og:title\" content=\"HARREMANETARAKO - Esqui Larrabelagua\" \/>\n<meta property=\"og:description\" content=\"CONTACTO ContactoLARRA-BELAGUA Carretera Isaba \/ Francia, Km. 5531417 Isaba (Navarra) T. 948 394 062M. 609 410 935F. 948 394 066 info@esquilarrabelagua.com Nola iritsi Esteka hauen bidez, inguruko hiriburuetatik eski-zentrora iristeko Google Maps zerbitzuak kalkulatutako ibilbideak ikus daitezke. Desde Pamplona Desde San Sebasti\u00e1n Desde Huesca He le\u00eddo y acepto la pol\u00edtica de privacidad INFORMACI\u00d3N B\u00c1SICA SOBRE PROTECCI\u00d3N DE DATOS Responsable: Navarra Impulsa Cultura, Deporte y Ocio, S.L. (NICDO) Finalidad: Recibir peri\u00f3dicamente informaci\u00f3n acerca de las actividades y eventos que se programan. Legitimaci\u00f3n: Consentimiento del interesado. Destinatarios: Los datos no se ceder\u00e1n a terceros salvo obligaci\u00f3n legal o que la cesi\u00f3n sea necesaria para el cumplimiento de la finalidad. Derechos: A acceder, rectificar y suprimir los datos, as\u00ed como otros derechos detallados en la informaci\u00f3n adicional. Informaci\u00f3n adicional: Puede consultar la informaci\u00f3n adicional y detallada sobre Protecci\u00f3n de Datos aqu\u00ed.\" \/>\n<meta property=\"og:url\" content=\"https:\/\/www.esquilarrabelagua.com\/eu\/harremanetarako\/\" \/>\n<meta property=\"og:site_name\" content=\"Esqui Larrabelagua\" \/>\n<meta property=\"article:modified_time\" content=\"2025-01-22T18:02:55+00:00\" \/>\n<meta name=\"twitter:card\" content=\"summary_large_image\" \/>\n<meta name=\"twitter:label1\" content=\"Est. reading time\" \/>\n\t<meta name=\"twitter:data1\" content=\"1 minute\" \/>\n<script type=\"application\/ld+json\" class=\"yoast-schema-graph\">{\"@context\":\"https:\/\/schema.org\",\"@graph\":[{\"@type\":\"WebPage\",\"@id\":\"https:\/\/www.esquilarrabelagua.com\/eu\/harremanetarako\/\",\"url\":\"https:\/\/www.esquilarrabelagua.com\/eu\/harremanetarako\/\",\"name\":\"HARREMANETARAKO - Esqui Larrabelagua\",\"isPartOf\":{\"@id\":\"https:\/\/www.esquilarrabelagua.com\/#website\"},\"datePublished\":\"2023-10-19T10:47:08+00:00\",\"dateModified\":\"2025-01-22T18:02:55+00:00\",\"breadcrumb\":{\"@id\":\"https:\/\/www.esquilarrabelagua.com\/eu\/harremanetarako\/#breadcrumb\"},\"inLanguage\":\"eu-ES\",\"potentialAction\":[{\"@type\":\"ReadAction\",\"target\":[\"https:\/\/www.esquilarrabelagua.com\/eu\/harremanetarako\/\"]}]},{\"@type\":\"BreadcrumbList\",\"@id\":\"https:\/\/www.esquilarrabelagua.com\/eu\/harremanetarako\/#breadcrumb\",\"itemListElement\":[{\"@type\":\"ListItem\",\"position\":1,\"name\":\"Portada\",\"item\":\"https:\/\/www.esquilarrabelagua.com\/eu\/\"},{\"@type\":\"ListItem\",\"position\":2,\"name\":\"HARREMANETARAKO\"}]},{\"@type\":\"WebSite\",\"@id\":\"https:\/\/www.esquilarrabelagua.com\/#website\",\"url\":\"https:\/\/www.esquilarrabelagua.com\/\",\"name\":\"Esqui Larrabelagua\",\"description\":\"\",\"potentialAction\":[{\"@type\":\"SearchAction\",\"target\":{\"@type\":\"EntryPoint\",\"urlTemplate\":\"https:\/\/www.esquilarrabelagua.com\/?s={search_term_string}\"},\"query-input\":{\"@type\":\"PropertyValueSpecification\",\"valueRequired\":true,\"valueName\":\"search_term_string\"}}],\"inLanguage\":\"eu-ES\"}]}<\/script>\n<!-- \/ Yoast SEO plugin. -->","yoast_head_json":{"title":"HARREMANETARAKO - Esqui Larrabelagua","robots":{"index":"index","follow":"follow","max-snippet":"max-snippet:-1","max-image-preview":"max-image-preview:large","max-video-preview":"max-video-preview:-1"},"canonical":"https:\/\/www.esquilarrabelagua.com\/eu\/harremanetarako\/","og_locale":"eu_ES","og_type":"article","og_title":"HARREMANETARAKO - Esqui Larrabelagua","og_description":"CONTACTO ContactoLARRA-BELAGUA Carretera Isaba \/ Francia, Km. 5531417 Isaba (Navarra) T. 948 394 062M. 609 410 935F. 948 394 066 info@esquilarrabelagua.com Nola iritsi Esteka hauen bidez, inguruko hiriburuetatik eski-zentrora iristeko Google Maps zerbitzuak kalkulatutako ibilbideak ikus daitezke. Desde Pamplona Desde San Sebasti\u00e1n Desde Huesca He le\u00eddo y acepto la pol\u00edtica de privacidad INFORMACI\u00d3N B\u00c1SICA SOBRE PROTECCI\u00d3N DE DATOS Responsable: Navarra Impulsa Cultura, Deporte y Ocio, S.L. (NICDO) Finalidad: Recibir peri\u00f3dicamente informaci\u00f3n acerca de las actividades y eventos que se programan. Legitimaci\u00f3n: Consentimiento del interesado. Destinatarios: Los datos no se ceder\u00e1n a terceros salvo obligaci\u00f3n legal o que la cesi\u00f3n sea necesaria para el cumplimiento de la finalidad. Derechos: A acceder, rectificar y suprimir los datos, as\u00ed como otros derechos detallados en la informaci\u00f3n adicional. Informaci\u00f3n adicional: Puede consultar la informaci\u00f3n adicional y detallada sobre Protecci\u00f3n de Datos aqu\u00ed.","og_url":"https:\/\/www.esquilarrabelagua.com\/eu\/harremanetarako\/","og_site_name":"Esqui Larrabelagua","article_modified_time":"2025-01-22T18:02:55+00:00","twitter_card":"summary_large_image","twitter_misc":{"Est. reading time":"1 minute"},"schema":{"@context":"https:\/\/schema.org","@graph":[{"@type":"WebPage","@id":"https:\/\/www.esquilarrabelagua.com\/eu\/harremanetarako\/","url":"https:\/\/www.esquilarrabelagua.com\/eu\/harremanetarako\/","name":"HARREMANETARAKO - Esqui Larrabelagua","isPartOf":{"@id":"https:\/\/www.esquilarrabelagua.com\/#website"},"datePublished":"2023-10-19T10:47:08+00:00","dateModified":"2025-01-22T18:02:55+00:00","breadcrumb":{"@id":"https:\/\/www.esquilarrabelagua.com\/eu\/harremanetarako\/#breadcrumb"},"inLanguage":"eu-ES","potentialAction":[{"@type":"ReadAction","target":["https:\/\/www.esquilarrabelagua.com\/eu\/harremanetarako\/"]}]},{"@type":"BreadcrumbList","@id":"https:\/\/www.esquilarrabelagua.com\/eu\/harremanetarako\/#breadcrumb","itemListElement":[{"@type":"ListItem","position":1,"name":"Portada","item":"https:\/\/www.esquilarrabelagua.com\/eu\/"},{"@type":"ListItem","position":2,"name":"HARREMANETARAKO"}]},{"@type":"WebSite","@id":"https:\/\/www.esquilarrabelagua.com\/#website","url":"https:\/\/www.esquilarrabelagua.com\/","name":"Esqui Larrabelagua","description":"","potentialAction":[{"@type":"SearchAction","target":{"@type":"EntryPoint","urlTemplate":"https:\/\/www.esquilarrabelagua.com\/?s={search_term_string}"},"query-input":{"@type":"PropertyValueSpecification","valueRequired":true,"valueName":"search_term_string"}}],"inLanguage":"eu-ES"}]}},"_links":{"self":[{"href":"https:\/\/www.esquilarrabelagua.com\/eu\/wp-json\/wp\/v2\/pages\/4691"}],"collection":[{"href":"https:\/\/www.esquilarrabelagua.com\/eu\/wp-json\/wp\/v2\/pages"}],"about":[{"href":"https:\/\/www.esquilarrabelagua.com\/eu\/wp-json\/wp\/v2\/types\/page"}],"author":[{"embeddable":true,"href":"https:\/\/www.esquilarrabelagua.com\/eu\/wp-json\/wp\/v2\/users\/1"}],"replies":[{"embeddable":true,"href":"https:\/\/www.esquilarrabelagua.com\/eu\/wp-json\/wp\/v2\/comments?post=4691"}],"version-history":[{"count":4,"href":"https:\/\/www.esquilarrabelagua.com\/eu\/wp-json\/wp\/v2\/pages\/4691\/revisions"}],"predecessor-version":[{"id":5736,"href":"https:\/\/www.esquilarrabelagua.com\/eu\/wp-json\/wp\/v2\/pages\/4691\/revisions\/5736"}],"wp:attachment":[{"href":"https:\/\/www.esquilarrabelagua.com\/eu\/wp-json\/wp\/v2\/media?parent=4691"}],"curies":[{"name":"wp","href":"https:\/\/api.w.org\/{rel}","templated":true}]}}